{"id":53,"date":"2026-05-15T17:57:26","date_gmt":"2026-05-15T20:57:26","guid":{"rendered":"https:\/\/www.glaucogoncalves.com\/?page_id=53"},"modified":"2026-05-15T17:59:02","modified_gmt":"2026-05-15T20:59:02","slug":"53-2","status":"publish","type":"page","link":"https:\/\/www.glaucogoncalves.com\/","title":{"rendered":"In\u00edcio"},"content":{"rendered":"\n<p><\/p>\n\n\n\n<div class=\"wp-block-group alignfull is-style-section-1 has-contrast-background-color has-background has-global-padding is-layout-constrained wp-block-group-is-layout-constrained is-style-section-1--1\" style=\"margin-top:0;margin-bottom:0;padding-top:var(--wp--preset--spacing--80);padding-bottom:var(--wp--preset--spacing--80)\">\n<div class=\"wp-block-columns alignwide is-layout-flex wp-container-core-columns-is-layout-66fad18a wp-block-columns-is-layout-flex\">\n<div class=\"wp-block-column is-vertically-aligned-center is-layout-flow wp-block-column-is-layout-flow\" style=\"padding-right:0;padding-left:0;flex-basis:50%\">\n<div class=\"wp-block-group is-vertical is-layout-flex wp-container-core-group-is-layout-fe9cc265 wp-block-group-is-layout-flex\">\n<h2 class=\"wp-block-heading is-style-text-annotation has-base-color has-text-color has-link-color wp-elements-c378da6c95bdd628167a83c4e535da50 is-style-text-annotation--2\">Sobre o artista<\/h2>\n<\/div>\n\n\n\n<p class=\"is-style-text-subtitle has-base-color has-text-color has-link-color wp-elements-08449dd40c0943703312c3ca7ad0b9b0 is-style-text-subtitle--3\" style=\"font-size:clamp(14px, 0.875rem + ((1vw - 3.2px) * 0.196), 16px);\">Glauco Gon\u00e7alves \u00e9 professor e pesquisador da Universidade Federal de Goi\u00e1s desde 2016, onde atua como docente permanente no Programa de P\u00f3s-Gradua\u00e7\u00e3o em Projeto e Cidade (PROCIDADES-FAV-UFG) e no Programa de P\u00f3s-Gradua\u00e7\u00e3o em Ensino na Educa\u00e7\u00e3o B\u00e1sica (PPGEEB-CEPAE_UFG).<\/p>\n\n\n\n<p class=\"is-style-text-subtitle has-base-color has-text-color has-link-color has-small-font-size wp-elements-87f1f246c6d12151c8541af052bab4fd is-style-text-subtitle--4\">Membro do N\u00facleo Interdisciplinar de Patrim\u00f4nio, Arte e Mem\u00f3ria do Museu Antropol\u00f3gico (NIPAM -MU-UFG). P\u00f3s-doutorado em Artes Visuais pela Universidade de Bras\u00edlia (UNB), doutor em Geografia Humana pela Universidade de S\u00e3o Paulo (USP), onde fez tamb\u00e9m seu mestrado e gradua\u00e7\u00e3o. Fundador e diretor criativo do Museu do Depois do Amanh\u00e3 (MUDDA). Produziu duas exposi\u00e7\u00f5es art\u00edsticas individuais: Orfanato Pict\u00f3rico (Vila Cultural Cora Coralina, 2025) e Marcha para o Fim do Oeste (CCUFG, 2026.). Seus trabalhos art\u00edsticos participaram, dentre outras, de exposi\u00e7\u00f5es no Programa de V\u00eddeo de Bogot\u00e1 (Col\u00f4mbia, 2026), Museu das Bandeiras (GO), Sal\u00e3o Nacional de Artes Visuais de Ubatuba (SP), na Galeria Espa\u00e7o Piloto (DF), Centro Cultural da UFG (GO) e no Centro Cultural Otto Marques (GO). \u00c9 colunista da revista Ermira Cultura. Dentre os livros publicados destaca-se \u201cPandora Pand\u00eamica\u201d (2020); \u201cDa imagem da cidade \u00e0 cidade como imagem\u201d (2020); \u201cO lucro engole o l\u00fadico\u201d (2018) e \u201cA crise da cidade em jogo: O futebol na contram\u00e3o em ruas da Penha.\u201d (2014).<\/p>\n<\/div>\n\n\n\n<div class=\"wp-block-column is-style-default is-layout-flow wp-block-column-is-layout-flow\" style=\"flex-basis:50%\"><\/div>\n<\/div>\n<\/div>\n\n\n\n<div class=\"wp-block-group alignfull is-style-section-1 has-base-background-color has-background has-global-padding is-layout-constrained wp-block-group-is-layout-constrained is-style-section-1--5\" style=\"margin-top:0;margin-bottom:0;padding-top:var(--wp--preset--spacing--80);padding-bottom:var(--wp--preset--spacing--80)\">\n<div class=\"wp-block-buttons is-content-justification-center is-layout-flex wp-container-core-buttons-is-layout-a89b3969 wp-block-buttons-is-layout-flex\">\n<div class=\"wp-block-button\"><a class=\"wp-block-button__link wp-element-button\">Exposi\u00e7\u00f5es<\/a><\/div>\n\n\n\n<div class=\"wp-block-button\"><a class=\"wp-block-button__link wp-element-button\">Escritos<\/a><\/div>\n\n\n\n<div class=\"wp-block-button\"><a class=\"wp-block-button__link wp-element-button\">Audiovisual<\/a><\/div>\n\n\n\n<div class=\"wp-block-button has-custom-width wp-block-button__width-75\"><a class=\"wp-block-button__link wp-element-button\">Contato<\/a><\/div>\n<\/div>\n<\/div>\n\n\n\n<div class=\"wp-block-group alignfull is-style-section-1 has-contrast-background-color has-background has-global-padding is-layout-constrained wp-block-group-is-layout-constrained is-style-section-1--6\" style=\"margin-top:0;margin-bottom:0;padding-top:var(--wp--preset--spacing--80);padding-bottom:var(--wp--preset--spacing--80)\">\n<div class=\"wp-block-columns alignwide is-layout-flex wp-container-core-columns-is-layout-66fad18a wp-block-columns-is-layout-flex\">\n<div class=\"wp-block-column is-vertically-aligned-center is-layout-flow wp-block-column-is-layout-flow\" style=\"padding-right:0;padding-left:0;flex-basis:50%\">\n<div class=\"wp-block-group is-vertical is-layout-flex wp-container-core-group-is-layout-fe9cc265 wp-block-group-is-layout-flex\">\n<h2 class=\"wp-block-heading is-style-text-annotation has-base-color has-text-color has-link-color wp-elements-c378da6c95bdd628167a83c4e535da50 is-style-text-annotation--7\">Sobre o artista<\/h2>\n<\/div>\n\n\n\n<p class=\"is-style-text-subtitle has-base-color has-text-color has-link-color wp-elements-08449dd40c0943703312c3ca7ad0b9b0 is-style-text-subtitle--8\" style=\"font-size:clamp(14px, 0.875rem + ((1vw - 3.2px) * 0.196), 16px);\">Glauco Gon\u00e7alves \u00e9 professor e pesquisador da Universidade Federal de Goi\u00e1s desde 2016, onde atua como docente permanente no Programa de P\u00f3s-Gradua\u00e7\u00e3o em Projeto e Cidade (PROCIDADES-FAV-UFG) e no Programa de P\u00f3s-Gradua\u00e7\u00e3o em Ensino na Educa\u00e7\u00e3o B\u00e1sica (PPGEEB-CEPAE_UFG).<\/p>\n\n\n\n<p class=\"is-style-text-subtitle has-base-color has-text-color has-link-color has-small-font-size wp-elements-87f1f246c6d12151c8541af052bab4fd is-style-text-subtitle--9\">Membro do N\u00facleo Interdisciplinar de Patrim\u00f4nio, Arte e Mem\u00f3ria do Museu Antropol\u00f3gico (NIPAM -MU-UFG). P\u00f3s-doutorado em Artes Visuais pela Universidade de Bras\u00edlia (UNB), doutor em Geografia Humana pela Universidade de S\u00e3o Paulo (USP), onde fez tamb\u00e9m seu mestrado e gradua\u00e7\u00e3o. Fundador e diretor criativo do Museu do Depois do Amanh\u00e3 (MUDDA). Produziu duas exposi\u00e7\u00f5es art\u00edsticas individuais: Orfanato Pict\u00f3rico (Vila Cultural Cora Coralina, 2025) e Marcha para o Fim do Oeste (CCUFG, 2026.). Seus trabalhos art\u00edsticos participaram, dentre outras, de exposi\u00e7\u00f5es no Programa de V\u00eddeo de Bogot\u00e1 (Col\u00f4mbia, 2026), Museu das Bandeiras (GO), Sal\u00e3o Nacional de Artes Visuais de Ubatuba (SP), na Galeria Espa\u00e7o Piloto (DF), Centro Cultural da UFG (GO) e no Centro Cultural Otto Marques (GO). \u00c9 colunista da revista Ermira Cultura. Dentre os livros publicados destaca-se \u201cPandora Pand\u00eamica\u201d (2020); \u201cDa imagem da cidade \u00e0 cidade como imagem\u201d (2020); \u201cO lucro engole o l\u00fadico\u201d (2018) e \u201cA crise da cidade em jogo: O futebol na contram\u00e3o em ruas da Penha.\u201d (2014).<\/p>\n<\/div>\n<\/div>\n<\/div>\n\n\n\n<div class=\"wp-block-columns is-layout-flex wp-container-core-columns-is-layout-28f84493 wp-block-columns-is-layout-flex\">\n<div class=\"wp-block-column is-layout-flow wp-block-column-is-layout-flow\">\n<div class=\"wp-block-columns is-layout-flex wp-container-core-columns-is-layout-28f84493 wp-block-columns-is-layout-flex\">\n<div class=\"wp-block-column is-layout-flow wp-block-column-is-layout-flow\">\n<div class=\"wp-block-columns is-layout-flex wp-container-core-columns-is-layout-28f84493 wp-block-columns-is-layout-flex\">\n<div class=\"wp-block-column is-layout-flow wp-block-column-is-layout-flow\">\n<div class=\"wp-block-columns is-layout-flex wp-container-core-columns-is-layout-28f84493 wp-block-columns-is-layout-flex\">\n<div class=\"wp-block-column is-layout-flow wp-block-column-is-layout-flow\"><\/div>\n<\/div>\n<\/div>\n\n\n\n<div class=\"wp-block-column is-layout-flow wp-block-column-is-layout-flow\"><\/div>\n<\/div>\n<\/div>\n<\/div>\n<\/div>\n<\/div>\n","protected":false},"excerpt":{"rendered":"<p>Sobre o artista Glauco Gon\u00e7alves \u00e9 professor e pesquisador da Universidade Federal de Goi\u00e1s desde 2016, onde atua como docente permanente no Programa de P\u00f3s-Gradua\u00e7\u00e3o em Projeto e Cidade (PROCIDADES-FAV-UFG) e no Programa de P\u00f3s-Gradua\u00e7\u00e3o em Ensino na Educa\u00e7\u00e3o B\u00e1sica (PPGEEB-CEPAE_UFG). Membro do N\u00facleo Interdisciplinar de Patrim\u00f4nio, Arte e Mem\u00f3ria do Museu Antropol\u00f3gico (NIPAM -MU-UFG). [&hellip;]<\/p>\n","protected":false},"author":2,"featured_media":0,"parent":0,"menu_order":0,"comment_status":"closed","ping_status":"closed","template":"","meta":{"footnotes":""},"class_list":["post-53","page","type-page","status-publish","hentry"],"_links":{"self":[{"href":"https:\/\/www.glaucogoncalves.com\/index.php?rest_route=\/wp\/v2\/pages\/53","targetHints":{"allow":["GET"]}}],"collection":[{"href":"https:\/\/www.glaucogoncalves.com\/index.php?rest_route=\/wp\/v2\/pages"}],"about":[{"href":"https:\/\/www.glaucogoncalves.com\/index.php?rest_route=\/wp\/v2\/types\/page"}],"author":[{"embeddable":true,"href":"https:\/\/www.glaucogoncalves.com\/index.php?rest_route=\/wp\/v2\/users\/2"}],"replies":[{"embeddable":true,"href":"https:\/\/www.glaucogoncalves.com\/index.php?rest_route=%2Fwp%2Fv2%2Fcomments&post=53"}],"version-history":[{"count":5,"href":"https:\/\/www.glaucogoncalves.com\/index.php?rest_route=\/wp\/v2\/pages\/53\/revisions"}],"predecessor-version":[{"id":62,"href":"https:\/\/www.glaucogoncalves.com\/index.php?rest_route=\/wp\/v2\/pages\/53\/revisions\/62"}],"wp:attachment":[{"href":"https:\/\/www.glaucogoncalves.com\/index.php?rest_route=%2Fwp%2Fv2%2Fmedia&parent=53"}],"curies":[{"name":"wp","href":"https:\/\/api.w.org\/{rel}","templated":true}]}}